{"id":633,"date":"2023-04-14T12:35:12","date_gmt":"2023-04-14T11:35:12","guid":{"rendered":"https:\/\/sonjabischofberger.ch\/?page_id=633"},"modified":"2025-02-19T13:51:25","modified_gmt":"2025-02-19T12:51:25","slug":"bouteilles","status":"publish","type":"page","link":"https:\/\/sonjabischofberger.ch\/de\/bouteilles\/","title":{"rendered":""},"content":{"rendered":"<div class=\"wp-block-columns alignwide is-layout-flex wp-container-core-columns-is-layout-5233ffe3 wp-block-columns-is-layout-flex\" style=\"padding-top:var(--wp--preset--spacing--60);padding-bottom:var(--wp--preset--spacing--60)\">\n<div class=\"wp-block-column is-layout-flow wp-block-column-is-layout-flow\" style=\"flex-basis:33.33%\">\n<h2 class=\"wp-block-heading has-black-color has-text-color has-xl-font-size\" style=\"font-style:normal;font-weight:500;line-height:1.2\">Flaschen und Karaffen<\/h2>\n\n\n\n<p class=\"has-small-font-size wp-block-paragraph\">Schnapsflaschen und Weinkaraffen sind Ideale Objekte f\u00fcr Gedenkfeiern. \nOb f\u00fcr Hochzeiten, Jubil\u00e4en oder Geburtstage das einzigartig, personalisierte Gef\u00e4ss zum verschenken oder Ihren Tisch versch\u00f6nern.<br>Flaschen und Karaffen sind personalisierte Einzelst\u00fccke (Reproduktionen von Fotos oder Illustrationen).<br><br>Mit Stopfen aus Glas: <br>ab 195.- CHF<br><br>Mit Korkzapfen:<br>ab 130.- CHF<br><br>F\u00fcr ein personalisiertes, erweitertes Assortiment kann man die dazugeh\u00f6rigen Schnaps, Wein- oder Trinkgl\u00e4ser realisieren.<\/p>\n\n\n\n<div style=\"height:8px\" aria-hidden=\"true\" class=\"wp-block-spacer\"><\/div>\n\n\n\n<div class=\"wp-block-buttons is-content-justification-center is-layout-flex wp-container-core-buttons-is-layout-0aa01211 wp-block-buttons-is-layout-flex\">\n<div class=\"wp-block-button\"><a class=\"wp-block-button__link wp-element-button\" href=\"https:\/\/sonjabischofberger.ch\/de\/contact\/\">Bestellen<\/a><\/div>\n<\/div>\n<\/div>\n\n\n\n<div class=\"wp-block-column is-layout-flow wp-block-column-is-layout-flow\" style=\"flex-basis:66.66%\">\n<figure class=\"wp-block-gallery has-nested-images columns-default is-cropped wp-block-gallery-1 is-layout-flex wp-block-gallery-is-layout-flex\">\n<figure class=\"wp-block-image size-large\"><img data-recalc-dims=\"1\" fetchpriority=\"high\" decoding=\"async\" width=\"1715\" height=\"4575\" data-attachment-id=\"640\" data-permalink=\"https:\/\/sonjabischofberger.ch\/de\/souffleuse-de-verre-2\/\" data-orig-file=\"https:\/\/i0.wp.com\/sonjabischofberger.ch\/wp-content\/uploads\/2023\/04\/bouteille_09022017_06cr.jpg?fit=1715%2C4575&amp;ssl=1\" data-orig-size=\"1715,4575\" data-comments-opened=\"1\" data-image-meta=\"{&quot;aperture&quot;:&quot;16&quot;,&quot;credit&quot;:&quot;Charly Rappo&quot;,&quot;camera&quot;:&quot;NIKON D5&quot;,&quot;caption&quot;:&quot;Sonja Bischofberger, souffleuse de verre\\rChalet en bouteille\\rFribourg, 09.02.2017\\rPhoto \/ Charly Rappo&quot;,&quot;created_timestamp&quot;:&quot;1486674416&quot;,&quot;copyright&quot;:&quot;\\u00a9 Charly Rappo&quot;,&quot;focal_length&quot;:&quot;70&quot;,&quot;iso&quot;:&quot;125&quot;,&quot;shutter_speed&quot;:&quot;0.0125&quot;,&quot;title&quot;:&quot;Souffleuse de verre&quot;,&quot;orientation&quot;:&quot;1&quot;}\" data-image-title=\"\" data-image-description=\"\" data-image-caption=\"\" data-large-file=\"https:\/\/i0.wp.com\/sonjabischofberger.ch\/wp-content\/uploads\/2023\/04\/bouteille_09022017_06cr.jpg?fit=384%2C1024&amp;ssl=1\" data-id=\"640\" src=\"https:\/\/i0.wp.com\/sonjabischofberger.ch\/wp-content\/uploads\/2023\/04\/bouteille_09022017_06cr.jpg?resize=1715%2C4575&#038;ssl=1\" alt=\"\" class=\"wp-image-640\"\/><\/figure>\n\n\n\n<figure class=\"wp-block-image size-large\"><img data-recalc-dims=\"1\" decoding=\"async\" width=\"1770\" height=\"4945\" data-attachment-id=\"639\" data-permalink=\"https:\/\/sonjabischofberger.ch\/de\/souffleuse-de-verre\/\" data-orig-file=\"https:\/\/i0.wp.com\/sonjabischofberger.ch\/wp-content\/uploads\/2023\/04\/bouteille_09022017_08cr.jpg?fit=1770%2C4945&amp;ssl=1\" data-orig-size=\"1770,4945\" data-comments-opened=\"1\" data-image-meta=\"{&quot;aperture&quot;:&quot;16&quot;,&quot;credit&quot;:&quot;Charly Rappo&quot;,&quot;camera&quot;:&quot;NIKON D5&quot;,&quot;caption&quot;:&quot;Sonja Bischofberger, souffleuse de verre\\rChalet en bouteille\\rFribourg, 09.02.2017\\rPhoto \/ Charly Rappo&quot;,&quot;created_timestamp&quot;:&quot;1486675305&quot;,&quot;copyright&quot;:&quot;\\u00a9 Charly Rappo&quot;,&quot;focal_length&quot;:&quot;70&quot;,&quot;iso&quot;:&quot;125&quot;,&quot;shutter_speed&quot;:&quot;0.01&quot;,&quot;title&quot;:&quot;Souffleuse de verre&quot;,&quot;orientation&quot;:&quot;1&quot;}\" data-image-title=\"\" data-image-description=\"\" data-image-caption=\"\" data-large-file=\"https:\/\/i0.wp.com\/sonjabischofberger.ch\/wp-content\/uploads\/2023\/04\/bouteille_09022017_08cr.jpg?fit=367%2C1024&amp;ssl=1\" data-id=\"639\" src=\"https:\/\/i0.wp.com\/sonjabischofberger.ch\/wp-content\/uploads\/2023\/04\/bouteille_09022017_08cr.jpg?resize=1770%2C4945&#038;ssl=1\" alt=\"\" class=\"wp-image-639\"\/><\/figure>\n\n\n\n<figure class=\"wp-block-image size-large\"><img data-recalc-dims=\"1\" decoding=\"async\" width=\"2967\" height=\"5110\" data-attachment-id=\"638\" data-permalink=\"https:\/\/sonjabischofberger.ch\/de\/sonjaglass-8\/\" data-orig-file=\"https:\/\/i0.wp.com\/sonjabischofberger.ch\/wp-content\/uploads\/2023\/04\/sonjaglass_05112016_01cr.jpg?fit=2967%2C5110&amp;ssl=1\" data-orig-size=\"2967,5110\" data-comments-opened=\"1\" data-image-meta=\"{&quot;aperture&quot;:&quot;20&quot;,&quot;credit&quot;:&quot;Charly Rappo&quot;,&quot;camera&quot;:&quot;NIKON D5&quot;,&quot;caption&quot;:&quot;Divers prises de vues d&#039;objets\\rSonjaGlass\\rCorminboeuf, 05.11.2016\\rPhoto SonjaGlass \/ Charly Rappo&quot;,&quot;created_timestamp&quot;:&quot;1478366377&quot;,&quot;copyright&quot;:&quot;\\u00a9 Charly Rappo&quot;,&quot;focal_length&quot;:&quot;185&quot;,&quot;iso&quot;:&quot;200&quot;,&quot;shutter_speed&quot;:&quot;0.005&quot;,&quot;title&quot;:&quot;SonjaGlass&quot;,&quot;orientation&quot;:&quot;1&quot;}\" data-image-title=\"SonjaGlass\" data-image-description=\"\" data-image-caption=\"&lt;p&gt;Divers prises de vues d&amp;rsquo;objets&lt;br \/&gt;SonjaGlass&lt;br \/&gt;Corminboeuf, 05.11.2016&lt;br \/&gt;Photo SonjaGlass \/ Charly Rappo&lt;\/p&gt;\" data-large-file=\"https:\/\/i0.wp.com\/sonjabischofberger.ch\/wp-content\/uploads\/2023\/04\/sonjaglass_05112016_01cr.jpg?fit=595%2C1024&amp;ssl=1\" data-id=\"638\" src=\"https:\/\/i0.wp.com\/sonjabischofberger.ch\/wp-content\/uploads\/2023\/04\/sonjaglass_05112016_01cr.jpg?resize=2967%2C5110&#038;ssl=1\" alt=\"\" class=\"wp-image-638\" srcset=\"https:\/\/i0.wp.com\/sonjabischofberger.ch\/wp-content\/uploads\/2023\/04\/sonjaglass_05112016_01cr.jpg?w=2967&amp;ssl=1 2967w, https:\/\/i0.wp.com\/sonjabischofberger.ch\/wp-content\/uploads\/2023\/04\/sonjaglass_05112016_01cr.jpg?w=2000&amp;ssl=1 2000w\" sizes=\"(max-width: 1000px) 100vw, 1000px\" \/><\/figure>\n\n\n\n<figure class=\"wp-block-image size-large wp-duotone-grayscale\"><img data-recalc-dims=\"1\" loading=\"lazy\" decoding=\"async\" width=\"2772\" height=\"5424\" data-attachment-id=\"637\" data-permalink=\"https:\/\/sonjabischofberger.ch\/de\/verre-19\/\" data-orig-file=\"https:\/\/i0.wp.com\/sonjabischofberger.ch\/wp-content\/uploads\/2023\/04\/verre_07042015_28cr.jpg?fit=2772%2C5424&amp;ssl=1\" data-orig-size=\"2772,5424\" data-comments-opened=\"1\" data-image-meta=\"{&quot;aperture&quot;:&quot;29&quot;,&quot;credit&quot;:&quot;Charly Rappo&quot;,&quot;camera&quot;:&quot;NIKON D3X&quot;,&quot;caption&quot;:&quot;Divers photos au studio pour Sonia\\rPhoto Sonia Bischofberger \/ Charly Rappo\\rCorminboeuf, 07.04.2015&quot;,&quot;created_timestamp&quot;:&quot;1428438969&quot;,&quot;copyright&quot;:&quot;\\u00a9 Charly Rappo&quot;,&quot;focal_length&quot;:&quot;105&quot;,&quot;iso&quot;:&quot;200&quot;,&quot;shutter_speed&quot;:&quot;0.004&quot;,&quot;title&quot;:&quot;Verre&quot;,&quot;orientation&quot;:&quot;1&quot;}\" data-image-title=\"Verre\" data-image-description=\"\" data-image-caption=\"&lt;p&gt;Divers photos au studio pour Sonia&lt;br \/&gt;Photo Sonia Bischofberger \/ Charly Rappo&lt;br \/&gt;Corminboeuf, 07.04.2015&lt;\/p&gt;\" data-large-file=\"https:\/\/i0.wp.com\/sonjabischofberger.ch\/wp-content\/uploads\/2023\/04\/verre_07042015_28cr.jpg?fit=523%2C1024&amp;ssl=1\" data-id=\"637\" src=\"https:\/\/i0.wp.com\/sonjabischofberger.ch\/wp-content\/uploads\/2023\/04\/verre_07042015_28cr.jpg?resize=2772%2C5424&#038;ssl=1\" alt=\"\" class=\"wp-image-637\" srcset=\"https:\/\/i0.wp.com\/sonjabischofberger.ch\/wp-content\/uploads\/2023\/04\/verre_07042015_28cr.jpg?w=2772&amp;ssl=1 2772w, https:\/\/i0.wp.com\/sonjabischofberger.ch\/wp-content\/uploads\/2023\/04\/verre_07042015_28cr.jpg?w=2000&amp;ssl=1 2000w\" sizes=\"(max-width: 1000px) 100vw, 1000px\" \/><\/figure>\n\n\n\n<figure class=\"wp-block-image size-large\"><img data-recalc-dims=\"1\" loading=\"lazy\" decoding=\"async\" width=\"2256\" height=\"4032\" data-attachment-id=\"644\" data-permalink=\"https:\/\/sonjabischofberger.ch\/de\/bouteilles\/20220701_142820\/\" data-orig-file=\"https:\/\/i0.wp.com\/sonjabischofberger.ch\/wp-content\/uploads\/2023\/04\/20220701_142820.jpg?fit=2256%2C4032&amp;ssl=1\" data-orig-size=\"2256,4032\" data-comments-opened=\"1\" data-image-meta=\"{&quot;aperture&quot;:&quot;1.5&quot;,&quot;credit&quot;:&quot;&quot;,&quot;camera&quot;:&quot;SM-G960F&quot;,&quot;caption&quot;:&quot;&quot;,&quot;created_timestamp&quot;:&quot;1656685700&quot;,&quot;copyright&quot;:&quot;&quot;,&quot;focal_length&quot;:&quot;4.3&quot;,&quot;iso&quot;:&quot;400&quot;,&quot;shutter_speed&quot;:&quot;0.02&quot;,&quot;title&quot;:&quot;&quot;,&quot;orientation&quot;:&quot;1&quot;}\" data-image-title=\"20220701_142820\" data-image-description=\"\" data-image-caption=\"\" data-large-file=\"https:\/\/i0.wp.com\/sonjabischofberger.ch\/wp-content\/uploads\/2023\/04\/20220701_142820.jpg?fit=573%2C1024&amp;ssl=1\" data-id=\"644\" src=\"https:\/\/i0.wp.com\/sonjabischofberger.ch\/wp-content\/uploads\/2023\/04\/20220701_142820.jpg?resize=2256%2C4032&#038;ssl=1\" alt=\"\" class=\"wp-image-644\"\/><\/figure>\n\n\n\n<figure class=\"wp-block-image size-large\"><img data-recalc-dims=\"1\" loading=\"lazy\" decoding=\"async\" width=\"602\" height=\"1069\" data-attachment-id=\"649\" data-permalink=\"https:\/\/sonjabischofberger.ch\/de\/bouteilles\/moto\/\" data-orig-file=\"https:\/\/i0.wp.com\/sonjabischofberger.ch\/wp-content\/uploads\/2023\/04\/moto.jpg?fit=602%2C1069&amp;ssl=1\" data-orig-size=\"602,1069\" data-comments-opened=\"1\" data-image-meta=\"{&quot;aperture&quot;:&quot;0&quot;,&quot;credit&quot;:&quot;&quot;,&quot;camera&quot;:&quot;&quot;,&quot;caption&quot;:&quot;&quot;,&quot;created_timestamp&quot;:&quot;0&quot;,&quot;copyright&quot;:&quot;&quot;,&quot;focal_length&quot;:&quot;0&quot;,&quot;iso&quot;:&quot;0&quot;,&quot;shutter_speed&quot;:&quot;0&quot;,&quot;title&quot;:&quot;&quot;,&quot;orientation&quot;:&quot;0&quot;}\" data-image-title=\"moto\" data-image-description=\"\" data-image-caption=\"\" data-large-file=\"https:\/\/i0.wp.com\/sonjabischofberger.ch\/wp-content\/uploads\/2023\/04\/moto.jpg?fit=577%2C1024&amp;ssl=1\" data-id=\"649\" src=\"https:\/\/i0.wp.com\/sonjabischofberger.ch\/wp-content\/uploads\/2023\/04\/moto.jpg?resize=602%2C1069&#038;ssl=1\" alt=\"\" class=\"wp-image-649\"\/><\/figure>\n\n\n\n<figure class=\"wp-block-image size-large\"><img data-recalc-dims=\"1\" loading=\"lazy\" decoding=\"async\" width=\"2264\" height=\"4032\" data-attachment-id=\"643\" data-permalink=\"https:\/\/sonjabischofberger.ch\/de\/bouteilles\/20210806_115408\/\" data-orig-file=\"https:\/\/i0.wp.com\/sonjabischofberger.ch\/wp-content\/uploads\/2023\/04\/20210806_115408.jpg?fit=2264%2C4032&amp;ssl=1\" data-orig-size=\"2264,4032\" data-comments-opened=\"1\" data-image-meta=\"{&quot;aperture&quot;:&quot;2.4&quot;,&quot;credit&quot;:&quot;&quot;,&quot;camera&quot;:&quot;SM-G960F&quot;,&quot;caption&quot;:&quot;&quot;,&quot;created_timestamp&quot;:&quot;1628250848&quot;,&quot;copyright&quot;:&quot;&quot;,&quot;focal_length&quot;:&quot;4.3&quot;,&quot;iso&quot;:&quot;64&quot;,&quot;shutter_speed&quot;:&quot;0.01&quot;,&quot;title&quot;:&quot;&quot;,&quot;orientation&quot;:&quot;1&quot;}\" data-image-title=\"20210806_115408\" data-image-description=\"\" data-image-caption=\"\" data-large-file=\"https:\/\/i0.wp.com\/sonjabischofberger.ch\/wp-content\/uploads\/2023\/04\/20210806_115408.jpg?fit=575%2C1024&amp;ssl=1\" data-id=\"643\" src=\"https:\/\/i0.wp.com\/sonjabischofberger.ch\/wp-content\/uploads\/2023\/04\/20210806_115408.jpg?resize=2264%2C4032&#038;ssl=1\" alt=\"\" class=\"wp-image-643\"\/><\/figure>\n\n\n\n<figure class=\"wp-block-image size-large\"><img data-recalc-dims=\"1\" loading=\"lazy\" decoding=\"async\" width=\"414\" height=\"750\" data-attachment-id=\"651\" data-permalink=\"https:\/\/sonjabischofberger.ch\/de\/bouteilles\/sport\/\" data-orig-file=\"https:\/\/i0.wp.com\/sonjabischofberger.ch\/wp-content\/uploads\/2023\/04\/sport.jpg?fit=414%2C750&amp;ssl=1\" data-orig-size=\"414,750\" data-comments-opened=\"1\" data-image-meta=\"{&quot;aperture&quot;:&quot;0&quot;,&quot;credit&quot;:&quot;&quot;,&quot;camera&quot;:&quot;&quot;,&quot;caption&quot;:&quot;&quot;,&quot;created_timestamp&quot;:&quot;0&quot;,&quot;copyright&quot;:&quot;&quot;,&quot;focal_length&quot;:&quot;0&quot;,&quot;iso&quot;:&quot;0&quot;,&quot;shutter_speed&quot;:&quot;0&quot;,&quot;title&quot;:&quot;&quot;,&quot;orientation&quot;:&quot;1&quot;}\" data-image-title=\"sport\" data-image-description=\"\" data-image-caption=\"\" data-large-file=\"https:\/\/i0.wp.com\/sonjabischofberger.ch\/wp-content\/uploads\/2023\/04\/sport.jpg?fit=414%2C750&amp;ssl=1\" data-id=\"651\" src=\"https:\/\/i0.wp.com\/sonjabischofberger.ch\/wp-content\/uploads\/2023\/04\/sport.jpg?resize=414%2C750&#038;ssl=1\" alt=\"\" class=\"wp-image-651\"\/><\/figure>\n\n\n\n<figure class=\"wp-block-image size-large\"><img data-recalc-dims=\"1\" loading=\"lazy\" decoding=\"async\" width=\"1869\" height=\"3159\" data-attachment-id=\"646\" data-permalink=\"https:\/\/sonjabischofberger.ch\/de\/bouteilles\/20230403_094623\/\" data-orig-file=\"https:\/\/i0.wp.com\/sonjabischofberger.ch\/wp-content\/uploads\/2023\/04\/20230403_094623.jpg?fit=1869%2C3159&amp;ssl=1\" data-orig-size=\"1869,3159\" data-comments-opened=\"1\" data-image-meta=\"{&quot;aperture&quot;:&quot;1.5&quot;,&quot;credit&quot;:&quot;&quot;,&quot;camera&quot;:&quot;SM-G960F&quot;,&quot;caption&quot;:&quot;&quot;,&quot;created_timestamp&quot;:&quot;1680194764&quot;,&quot;copyright&quot;:&quot;&quot;,&quot;focal_length&quot;:&quot;4.3&quot;,&quot;iso&quot;:&quot;80&quot;,&quot;shutter_speed&quot;:&quot;0.01&quot;,&quot;title&quot;:&quot;&quot;,&quot;orientation&quot;:&quot;1&quot;}\" data-image-title=\"20230403_094623\" data-image-description=\"\" data-image-caption=\"\" data-large-file=\"https:\/\/i0.wp.com\/sonjabischofberger.ch\/wp-content\/uploads\/2023\/04\/20230403_094623.jpg?fit=606%2C1024&amp;ssl=1\" data-id=\"646\" src=\"https:\/\/i0.wp.com\/sonjabischofberger.ch\/wp-content\/uploads\/2023\/04\/20230403_094623.jpg?resize=1869%2C3159&#038;ssl=1\" alt=\"\" class=\"wp-image-646\"\/><\/figure>\n\n\n\n<figure class=\"wp-block-image size-large\"><img data-recalc-dims=\"1\" loading=\"lazy\" decoding=\"async\" width=\"600\" height=\"948\" data-attachment-id=\"648\" data-permalink=\"https:\/\/sonjabischofberger.ch\/de\/bouteilles\/bouteille2\/\" data-orig-file=\"https:\/\/i0.wp.com\/sonjabischofberger.ch\/wp-content\/uploads\/2023\/04\/bouteille2.jpg?fit=600%2C948&amp;ssl=1\" data-orig-size=\"600,948\" data-comments-opened=\"1\" data-image-meta=\"{&quot;aperture&quot;:&quot;0&quot;,&quot;credit&quot;:&quot;&quot;,&quot;camera&quot;:&quot;&quot;,&quot;caption&quot;:&quot;&quot;,&quot;created_timestamp&quot;:&quot;0&quot;,&quot;copyright&quot;:&quot;&quot;,&quot;focal_length&quot;:&quot;0&quot;,&quot;iso&quot;:&quot;0&quot;,&quot;shutter_speed&quot;:&quot;0&quot;,&quot;title&quot;:&quot;&quot;,&quot;orientation&quot;:&quot;1&quot;}\" data-image-title=\"bouteille2\" data-image-description=\"\" data-image-caption=\"\" data-large-file=\"https:\/\/i0.wp.com\/sonjabischofberger.ch\/wp-content\/uploads\/2023\/04\/bouteille2.jpg?fit=600%2C948&amp;ssl=1\" data-id=\"648\" src=\"https:\/\/i0.wp.com\/sonjabischofberger.ch\/wp-content\/uploads\/2023\/04\/bouteille2.jpg?resize=600%2C948&#038;ssl=1\" alt=\"\" class=\"wp-image-648\"\/><\/figure>\n\n\n\n<figure class=\"wp-block-image size-large\"><img data-recalc-dims=\"1\" loading=\"lazy\" decoding=\"async\" width=\"391\" height=\"570\" data-attachment-id=\"650\" data-permalink=\"https:\/\/sonjabischofberger.ch\/de\/bouteilles\/musique\/\" data-orig-file=\"https:\/\/i0.wp.com\/sonjabischofberger.ch\/wp-content\/uploads\/2023\/04\/musique.jpg?fit=391%2C570&amp;ssl=1\" data-orig-size=\"391,570\" data-comments-opened=\"1\" data-image-meta=\"{&quot;aperture&quot;:&quot;0&quot;,&quot;credit&quot;:&quot;&quot;,&quot;camera&quot;:&quot;&quot;,&quot;caption&quot;:&quot;&quot;,&quot;created_timestamp&quot;:&quot;0&quot;,&quot;copyright&quot;:&quot;&quot;,&quot;focal_length&quot;:&quot;0&quot;,&quot;iso&quot;:&quot;0&quot;,&quot;shutter_speed&quot;:&quot;0&quot;,&quot;title&quot;:&quot;&quot;,&quot;orientation&quot;:&quot;1&quot;}\" data-image-title=\"musique\" data-image-description=\"\" data-image-caption=\"\" data-large-file=\"https:\/\/i0.wp.com\/sonjabischofberger.ch\/wp-content\/uploads\/2023\/04\/musique.jpg?fit=391%2C570&amp;ssl=1\" data-id=\"650\" src=\"https:\/\/i0.wp.com\/sonjabischofberger.ch\/wp-content\/uploads\/2023\/04\/musique.jpg?resize=391%2C570&#038;ssl=1\" alt=\"\" class=\"wp-image-650\"\/><\/figure>\n\n\n\n<figure class=\"wp-block-image size-large\"><img data-recalc-dims=\"1\" loading=\"lazy\" decoding=\"async\" width=\"746\" height=\"1003\" data-attachment-id=\"647\" data-permalink=\"https:\/\/sonjabischofberger.ch\/de\/bouteilles\/balance\/\" data-orig-file=\"https:\/\/i0.wp.com\/sonjabischofberger.ch\/wp-content\/uploads\/2023\/04\/balance.jpg?fit=746%2C1003&amp;ssl=1\" data-orig-size=\"746,1003\" data-comments-opened=\"1\" data-image-meta=\"{&quot;aperture&quot;:&quot;0&quot;,&quot;credit&quot;:&quot;&quot;,&quot;camera&quot;:&quot;&quot;,&quot;caption&quot;:&quot;&quot;,&quot;created_timestamp&quot;:&quot;0&quot;,&quot;copyright&quot;:&quot;&quot;,&quot;focal_length&quot;:&quot;0&quot;,&quot;iso&quot;:&quot;0&quot;,&quot;shutter_speed&quot;:&quot;0&quot;,&quot;title&quot;:&quot;&quot;,&quot;orientation&quot;:&quot;1&quot;}\" data-image-title=\"balance\" data-image-description=\"\" data-image-caption=\"\" data-large-file=\"https:\/\/i0.wp.com\/sonjabischofberger.ch\/wp-content\/uploads\/2023\/04\/balance.jpg?fit=746%2C1003&amp;ssl=1\" data-id=\"647\" src=\"https:\/\/i0.wp.com\/sonjabischofberger.ch\/wp-content\/uploads\/2023\/04\/balance.jpg?resize=746%2C1003&#038;ssl=1\" alt=\"\" class=\"wp-image-647\"\/><\/figure>\n<\/figure>\n<\/div>\n<\/div>\n\n\n\n<p class=\"has-text-align-center has-crimson-pro-font-family wp-block-paragraph translation-block\" style=\"font-size:clamp(14px, 0.875rem + ((1vw - 3.2px) * 0.625), 20px);\">Haben Sie keine Idee? Alles ist m\u00f6glich. Ilustrationen werden reproduziert und in Flaschen eingebaut.<\/p>\n\n\n\n<p class=\"has-text-align-center wp-block-paragraph\" style=\"font-size:13px\">Logo, Flagge, Famillienwappen, Musikinstrumente (Gitarre, Saxophon, Schlagzeug, Klavier, Klarinette, Trompete, Akkordeon, ...), Geb\u00e4ude (Ihr Haus, Ihr Chalet, Ihr Zweitwohnsitz, ein \u00f6ffentliches Geb\u00e4ude, ein Wunder, ein historisches Denkmal), personalisierte Personen und Figuren, Fahrzeuge (Motorr\u00e4der, Autos, Traktoren, Flugzeuge, Gleitschirmfliegen, M\u00e4hdrescher, Boote, Fahrr\u00e4der, ... ), Sportarten (L\u00e4ufer, Skifahrer, Wanderer, Fu\u00dfballer, Tennis, Schwimmen, Yoga, ...), Tiere (Pferd, L\u00f6we, Delfin, Steinbock, Wal, Lama, Faultier, Flamingo, Katze, Hund, ...), etc.<\/p>\n\n\n\n<p class=\"wp-block-paragraph\"><\/p>","protected":false},"excerpt":{"rendered":"<p>Bouteilles et carafes Bouteilles \u00e0 schnaps ou carafes \u00e0 vin pour vos comm\u00e9morations, mariages, anniversaires ou tout simplement pour apporter une touche unique et \u00e9tincellante \u00e0 vos repas ou pour offrir.Les bouteilles et carafes sont des pi\u00e8ces uniques et personnalis\u00e9es (reproduction \u00e0 partir de photos ou d&rsquo;illustrations). Avec bouchon en verre rod\u00e9 : \u00e0 partir [&hellip;]<\/p>\n","protected":false},"author":147136638,"featured_media":0,"parent":0,"menu_order":0,"comment_status":"closed","ping_status":"closed","template":"","meta":{"_crdt_document":"","advanced_seo_description":"","jetpack_seo_html_title":"","jetpack_seo_noindex":false,"footnotes":""},"class_list":["post-633","page","type-page","status-publish","hentry"],"jetpack_likes_enabled":true,"jetpack_sharing_enabled":true,"jetpack_shortlink":"https:\/\/wp.me\/PeqNZv-ad","jetpack-related-posts":[],"_links":{"self":[{"href":"https:\/\/sonjabischofberger.ch\/de\/wp-json\/wp\/v2\/pages\/633","targetHints":{"allow":["GET"]}}],"collection":[{"href":"https:\/\/sonjabischofberger.ch\/de\/wp-json\/wp\/v2\/pages"}],"about":[{"href":"https:\/\/sonjabischofberger.ch\/de\/wp-json\/wp\/v2\/types\/page"}],"author":[{"embeddable":true,"href":"https:\/\/sonjabischofberger.ch\/de\/wp-json\/wp\/v2\/users\/147136638"}],"replies":[{"embeddable":true,"href":"https:\/\/sonjabischofberger.ch\/de\/wp-json\/wp\/v2\/comments?post=633"}],"version-history":[{"count":13,"href":"https:\/\/sonjabischofberger.ch\/de\/wp-json\/wp\/v2\/pages\/633\/revisions"}],"predecessor-version":[{"id":2540,"href":"https:\/\/sonjabischofberger.ch\/de\/wp-json\/wp\/v2\/pages\/633\/revisions\/2540"}],"wp:attachment":[{"href":"https:\/\/sonjabischofberger.ch\/de\/wp-json\/wp\/v2\/media?parent=633"}],"curies":[{"name":"wp","href":"https:\/\/api.w.org\/{rel}","templated":true}]}}